{"id":748,"date":"2016-02-28T19:26:10","date_gmt":"2016-02-28T19:26:10","guid":{"rendered":"http:\/\/inspecdron.cl\/web\/?page_id=748"},"modified":"2016-08-07T15:24:15","modified_gmt":"2016-08-07T15:24:15","slug":"equipamiento3","status":"publish","type":"page","link":"https:\/\/inspecdron.cl\/web\/equipamiento3\/","title":{"rendered":"Tecnolog\u00eda"},"content":{"rendered":"<p>[vc_row][vc_column][vc_column_text css=&#8221;.vc_custom_1470523222995{margin-right: 30px !important;margin-left: 30px !important;padding-right: 30px !important;padding-left: 30px !important;}&#8221;]<\/p>\n<div class=\"postmetadataheader\">\n<h1 class=\"postheader\"><a title=\"DRON Dji Inspire 1\" href=\"http:\/\/inspecdron.cl\/web\/?p=545\" rel=\"bookmark\">DRON Dji Inspire 1<\/a><\/h1>\n<\/div>\n<div class=\"postcontent postcontent-0 clearfix\">\n<div class=\"vc_row wpb_row vc_row-fluid\">\n<div class=\"wpb_column vc_column_container vc_col-sm-12 vc_custom_1444852000616\">\n<div class=\"wpb_wrapper\">\n<div class=\"wpb_text_column wpb_content_element  vc_custom_1443036471982\">\n<div class=\"wpb_wrapper\">\n<p><strong><a class=\"fancybox image\" href=\"http:\/\/inspecdron.cl\/web\/wp-content\/uploads\/2015\/10\/Dji-Inspire-1.jpg\"><img loading=\"lazy\" decoding=\"async\" class=\"alignright wp-image-463 \" src=\"http:\/\/inspecdron.cl\/web\/wp-content\/uploads\/2015\/10\/Dji-Inspire-1.jpg\" sizes=\"(max-width: 540px) 100vw, 540px\" srcset=\"http:\/\/inspecdron.cl\/web\/wp-content\/uploads\/2015\/10\/Dji-Inspire-1-300x184.jpg 300w, http:\/\/inspecdron.cl\/web\/wp-content\/uploads\/2015\/10\/Dji-Inspire-1.jpg 973w\" alt=\"Dji Inspire 1\" width=\"440\" height=\"332\" \/><\/a><br \/>\n Usos<\/strong> :<\/p>\n<ul>\n<li>Inspecciones filmaci\u00f3n 4 K<\/li>\n<li>Observaci\u00f3n<\/li>\n<li>Fotograf\u00eda 12 mp<\/li>\n<li>Grabaci\u00f3n extremadamente n\u00edtida<\/li>\n<\/ul>\n<\/div>\n<\/div>\n<\/div>\n<\/div>\n<\/div>\n<\/div>\n<div class=\"postmetadataheader\">\n<h1 class=\"postheader\"><a title=\"DRON Aeroendurance x4 3DR\" href=\"http:\/\/inspecdron.cl\/web\/?p=586\" rel=\"bookmark\"><\/p>\n<p>\n DRON Aeroendurance x4 3DR<\/a><\/h1>\n<\/div>\n<div class=\"postcontent postcontent-0 clearfix\">\n<div class=\"vc_row wpb_row vc_row-fluid\">\n<div class=\"wpb_column vc_column_container vc_col-sm-12 vc_custom_1444852000616\">\n<div class=\"wpb_wrapper\">\n<div class=\"wpb_text_column wpb_content_element  vc_custom_1443036471982\">\n<div class=\"wpb_wrapper\">\n<p><a class=\"fancybox image\" href=\"http:\/\/inspecdron.cl\/web\/wp-content\/uploads\/2015\/10\/dron_x4_3dr-1-3.jpg\" rel=\"attachment wp-att-732\"><img loading=\"lazy\" decoding=\"async\" class=\"alignright wp-image-732\" src=\"http:\/\/inspecdron.cl\/web\/wp-content\/uploads\/2015\/10\/dron_x4_3dr-1-3.jpg\" sizes=\"(max-width: 464px) 100vw, 464px\" srcset=\"http:\/\/inspecdron.cl\/web\/wp-content\/uploads\/2015\/10\/dron_x4_3dr-1-3-300x184.jpg 300w, http:\/\/inspecdron.cl\/web\/wp-content\/uploads\/2015\/10\/dron_x4_3dr-1-3-768x472.jpg 768w, http:\/\/inspecdron.cl\/web\/wp-content\/uploads\/2015\/10\/dron_x4_3dr-1-3.jpg 973w\" alt=\"Dron x4 3dr\" width=\"464\" height=\"285\" \/><\/a>Alcance m\u00e1ximo : 10 km<\/p>\n<p>Autonom\u00eda vuelo : 40 minutos<\/p>\n<p>Vuelo automatizado GPS mission planner m\u00faltiples waypoint<\/p>\n<p>Controlador de vuelo: 3DR<\/p>\n<p><strong>Equipamiento<\/strong><strong> :<\/strong><\/p>\n<ul>\n<li>C\u00e1mara sony a6000 24.3 MP \/ filmaci\u00f3n full hd<\/li>\n<li>C\u00e1mara termografica infrarroja flir vue 336<\/li>\n<\/ul>\n<p><strong>Usos<\/strong><strong> :<\/strong><\/p>\n<ul>\n<li>Inspecciones industriales fotogr\u00e1fica y termogr\u00e1fica<\/li>\n<li>Topograf\u00eda , hasta 60 ha por vuelo<\/li>\n<\/ul>\n<div class=\"postmetadataheader\">\n<h1 class=\"postheader\"><a title=\"DRON Ala fija 3DR aero\" href=\"http:\/\/inspecdron.cl\/web\/?p=628\" rel=\"bookmark\">DRON Ala fija 3DR aero<\/a><\/h1>\n<\/div>\n<div class=\"postcontent postcontent-0 clearfix\">\n<div class=\"vc_row wpb_row vc_row-fluid\">\n<div class=\"wpb_column vc_column_container vc_col-sm-12 vc_custom_1444852000616\">\n<div class=\"wpb_wrapper\">\n<div class=\"wpb_text_column wpb_content_element  vc_custom_1443036471982\">\n<div class=\"wpb_wrapper\">\n<p><a class=\"fancybox image\" href=\"http:\/\/inspecdron.cl\/web\/wp-content\/uploads\/2015\/10\/3DR-AERO.jpg\"><img loading=\"lazy\" decoding=\"async\" class=\"wp-image-631  alignright\" src=\"http:\/\/inspecdron.cl\/web\/wp-content\/uploads\/2015\/10\/3DR-AERO.jpg\" sizes=\"(max-width: 505px) 100vw, 505px\" srcset=\"http:\/\/inspecdron.cl\/web\/wp-content\/uploads\/2015\/10\/3DR-AERO-300x115.jpg 300w, http:\/\/inspecdron.cl\/web\/wp-content\/uploads\/2015\/10\/3DR-AERO.jpg 672w\" alt=\"3DR AERO\" width=\"505\" height=\"193\" \/><\/a>Alcance m\u00e1ximo : 20 km<\/p>\n<p>Autonom\u00eda vuelo : 40 minutos<\/p>\n<p>Vuelo automatizado GPS mission planner m\u00faltiples waypoint<\/p>\n<p>Controlador de vuelo: 3DR<\/p>\n<p><strong>Equipamiento<\/strong><strong> :<\/strong><\/p>\n<ul>\n<li>C\u00e1mara Canon powershot SX 280 HS<\/li>\n<\/ul>\n<p><strong>Usos<\/strong><strong> :<\/strong><\/p>\n<ul>\n<ul>\n<li>Agricultura de precis\u00f3n<\/li>\n<li>Topograf\u00eda , hasta 90 ha por vuelo<\/li>\n<\/ul>\n<\/ul>\n<div>\u00a0<\/div>\n<div>\u00a0<\/div>\n<\/div>\n<\/div>\n<\/div>\n<\/div>\n<div class=\"postmetadataheader\">\n<h1 class=\"postheader\"><a title=\"Esc\u00e1ner L\u00e1ser 3D \u2013 Mediciones terrestres\" href=\"http:\/\/inspecdron.cl\/web\/?p=681\" rel=\"bookmark\">Esc\u00e1ner L\u00e1ser 3D \u2013 Mediciones terrestres<\/a><\/h1>\n<\/div>\n<div class=\"postcontent postcontent-0 clearfix\">\n<div class=\"vc_row wpb_row vc_row-fluid\">\n<div class=\"wpb_column vc_column_container vc_col-sm-12 vc_custom_1444852000616\">\n<div class=\"wpb_wrapper\">\n<div class=\"wpb_text_column wpb_content_element  vc_custom_1443036471982\">\n<div class=\"wpb_wrapper\">\n<p><strong><a class=\"fancybox image\" href=\"http:\/\/inspecdron.cl\/web\/wp-content\/uploads\/2015\/10\/Scaner.jpg\"><img loading=\"lazy\" decoding=\"async\" class=\"alignright  wp-image-682\" src=\"http:\/\/inspecdron.cl\/web\/wp-content\/uploads\/2015\/10\/Scaner.jpg\" sizes=\"(max-width: 449px) 100vw, 449px\" srcset=\"http:\/\/inspecdron.cl\/web\/wp-content\/uploads\/2015\/10\/Scaner-300x178.jpg 300w, http:\/\/inspecdron.cl\/web\/wp-content\/uploads\/2015\/10\/Scaner-1024x607.jpg 1024w, http:\/\/inspecdron.cl\/web\/wp-content\/uploads\/2015\/10\/Scaner.jpg 1037w\" alt=\"Esc\u00e1ner L\u00e1ser 3D\" width=\"449\" height=\"266\" \/><\/a><\/strong><\/p>\n<p style=\"padding-left: 30px;\">Mediciones de alta precisi\u00f3n con equipo de levantamiento 3D en base a nubes\u00a0de punto de alta densidad. Se obtienen levantamiento \u00fanicos con una precisi\u00f3n cercanas al mil\u00edmetro con errores acumulados cercanos a 1cm en 100 tomas 3D lineales. Contamos con experiencia en manejo de Esc\u00e1ner l\u00e1ser en el mercado, y actualmente trabajamos con equipos<br \/> Faro de alta precisi\u00f3n.<\/p>\n<p style=\"padding-left: 30px;\"><strong>VENTAJAS<\/strong><br \/>\n Velocidad de captura.<br \/>\n Medici\u00f3n a distancia.<br \/>\n Alta precisi\u00f3n.<br \/>\n Alcance \u00fatil de 50mts y m\u00e1ximo de 120mts.<\/p>\n<p style=\"padding-left: 30px;\"><strong>PRODUCTOS y SERVICIOS<br \/>\n <\/strong>Modelados As-Built de edificios, estructuras, plantas industriales,topograf\u00eda, equipos, maquinaria, t\u00faneles mineros, piping, etc.<br \/>\n Obtenci\u00f3n de Ortoim\u00e1genes m\u00e9tricas.<br \/>\n Levantamiento topogr\u00e1ficos.<br \/>\n Desarrollo de planimetr\u00eda 2D cr\u00edtica para arquitectura patrimonial, arqueolog\u00eda, ingenier\u00eda.<br \/>\n C\u00e1lculo de vol\u00famenes.<br \/>\n An\u00e1lisis de deformaciones.<br \/>\n Estudio de superficies.<br \/>\n An\u00e1lisis de desgaste.<br \/>\n Ingenier\u00eda reversa.<br \/>\n Simulaci\u00f3n de instalaciones.<br \/>\n An\u00e1lisis de interferencias.<\/p>\n<\/div>\n<\/div>\n<\/div>\n<\/div>\n<\/div>\n<\/div>\n<div class=\"wpb_column vc_column_container vc_col-sm-12 vc_custom_1444852000616\">\n<div class=\"wpb_wrapper\">\n<p>&nbsp;<\/p>\n<\/div>\n<\/div>\n<\/div>\n<\/div>\n<\/div>\n<\/div>\n<\/div>\n<\/div>\n<\/div>\n<\/div>\n<p>[\/vc_column_text][\/vc_column][\/vc_row]<\/p>\n","protected":false},"excerpt":{"rendered":"<p>[vc_row][vc_column][vc_column_text css=&#8221;.vc_custom_1470523222995{margin-right: 30px !important;margin-left: 30px !important;padding-right: 30px !important;padding-left: 30px !important;}&#8221;] DRON Dji Inspire 1 Usos : Inspecciones filmaci\u00f3n 4 K Observaci\u00f3n Fotograf\u00eda 12 mp Grabaci\u00f3n extremadamente n\u00edtida DRON Aeroendurance x4 3DR Alcance m\u00e1ximo : 10 km Autonom\u00eda vuelo : 40 minutos Vuelo automatizado GPS mission planner m\u00faltiples waypoint Controlador de vuelo: 3DR Equipamiento : C\u00e1mara [&hellip;]<\/p>\n","protected":false},"author":1,"featured_media":0,"parent":0,"menu_order":0,"comment_status":"closed","ping_status":"closed","template":"","meta":{"footnotes":"","_links_to":"","_links_to_target":""},"class_list":["post-748","page","type-page","status-publish","hentry"],"_links":{"self":[{"href":"https:\/\/inspecdron.cl\/web\/wp-json\/wp\/v2\/pages\/748"}],"collection":[{"href":"https:\/\/inspecdron.cl\/web\/wp-json\/wp\/v2\/pages"}],"about":[{"href":"https:\/\/inspecdron.cl\/web\/wp-json\/wp\/v2\/types\/page"}],"author":[{"embeddable":true,"href":"https:\/\/inspecdron.cl\/web\/wp-json\/wp\/v2\/users\/1"}],"replies":[{"embeddable":true,"href":"https:\/\/inspecdron.cl\/web\/wp-json\/wp\/v2\/comments?post=748"}],"version-history":[{"count":27,"href":"https:\/\/inspecdron.cl\/web\/wp-json\/wp\/v2\/pages\/748\/revisions"}],"predecessor-version":[{"id":854,"href":"https:\/\/inspecdron.cl\/web\/wp-json\/wp\/v2\/pages\/748\/revisions\/854"}],"wp:attachment":[{"href":"https:\/\/inspecdron.cl\/web\/wp-json\/wp\/v2\/media?parent=748"}],"curies":[{"name":"wp","href":"https:\/\/api.w.org\/{rel}","templated":true}]}}