{"id":42,"date":"2014-12-23T16:36:17","date_gmt":"2014-12-23T16:36:17","guid":{"rendered":"http:\/\/inspecdron.cl\/web\/?page_id=42"},"modified":"2021-01-25T19:33:19","modified_gmt":"2021-01-25T19:33:19","slug":"42-2","status":"publish","type":"page","link":"https:\/\/inspecdron.cl\/web\/","title":{"rendered":""},"content":{"rendered":"<p>[vc_row][vc_column][vc_column_text]<\/p>\n<div id=\"metaslider-id-913\" style=\"width: 100%;\" class=\"ml-slider-3-90-1 metaslider metaslider-flex metaslider-913 ml-slider ms-theme-default\" role=\"region\" aria-roledescription=\"Slideshow\" aria-label=\"home\">\n    <div id=\"metaslider_container_913\">\n        <div id=\"metaslider_913\">\n            <ul class='slides'>\n                <li style=\"display: block; width: 100%;\" class=\"slide-914 ms-image \" aria-roledescription=\"slide\" aria-label=\"slide-914\"><img loading=\"lazy\" decoding=\"async\" src=\"https:\/\/inspecdron.cl\/web\/wp-content\/uploads\/2017\/09\/24.jpg\" height=\"435\" width=\"1041\" alt=\"\" class=\"slider-913 slide-914\" title=\"24\" \/><\/li>\n            <\/ul>\n        <\/div>\n        \n    <\/div>\n<\/div>\n<p><img loading=\"lazy\" decoding=\"async\" class=\"aligncenter size-full wp-image-570\" src=\"http:\/\/inspecdron.cl\/web\/wp-content\/uploads\/2014\/12\/titulo61.png\" alt=\"titulo6\" width=\"980\" height=\"51\" srcset=\"https:\/\/inspecdron.cl\/web\/wp-content\/uploads\/2014\/12\/titulo61.png 980w, https:\/\/inspecdron.cl\/web\/wp-content\/uploads\/2014\/12\/titulo61-300x16.png 300w\" sizes=\"(max-width: 980px) 100vw, 980px\" \/><\/p>\n<p style=\"padding-left: 30px;\"><strong><span style=\"font-family: trebuchet ms,geneva,sans-serif;\">Somos un grupo de profesionales dedicados a entregar soluciones con precisi\u00f3n en topograf\u00eda, termograf\u00eda \u00e1erea, avances de obra, control de stockpile\u00a0 e inspecciones en altura.<\/span><\/strong><\/p>\n<p style=\"padding-left: 30px;\"><strong><span style=\"font-family: trebuchet ms,geneva,sans-serif;\">Operadores Certificados DGAC.<\/span><\/strong><\/p>\n<p>[\/vc_column_text][\/vc_column][\/vc_row][vc_row][vc_column width=&#8221;1\/3&#8243;][vc_single_image source=&#8221;external_link&#8221; alignment=&#8221;center&#8221; custom_src=&#8221;http:\/\/inspecdron.cl\/web\/wp-content\/uploads\/2020\/05\/Logo2020.png&#8221; css=&#8221;.vc_custom_1590165368388{margin-bottom: 0px !important;margin-left: 4px !important;padding-bottom: 0px !important;}&#8221;][vc_masonry_grid post_type=&#8221;ids&#8221; element_width=&#8221;12&#8243; item=&#8221;389&#8243; grid_id=&#8221;vc_gid:1611602073607-c4e8c862-5a7d-8&#8243; include=&#8221;361, 586, 628, 681&#8243; css=&#8221;.vc_custom_1458521684675{margin-top: 0px !important;margin-left: 10px !important;border-top-width: 1px !important;border-right-width: 1px !important;border-bottom-width: 1px !important;border-left-width: 1px !important;padding-top: 5px !important;padding-right: 5px !important;padding-bottom: 5px !important;padding-left: 5px !important;border-left-color: rgba(160,176,191,0.55) !important;border-left-style: solid !important;border-right-color: rgba(160,176,191,0.55) !important;border-right-style: solid !important;border-top-color: rgba(160,176,191,0.55) !important;border-top-style: solid !important;border-bottom-color: rgba(160,176,191,0.55) !important;border-bottom-style: solid !important;border-radius: 1px !important;}&#8221;][\/vc_column][vc_column width=&#8221;2\/3&#8243; css=&#8221;.vc_custom_1445270666785{margin-bottom: 0px !important;padding-bottom: 0px !important;}&#8221;][vc_masonry_grid post_type=&#8221;ids&#8221; element_width=&#8221;6&#8243; item=&#8221;233&#8243; grid_id=&#8221;vc_gid:1611602073608-b15f0bb1-db61-7&#8243; css=&#8221;.vc_custom_1590185045549{margin-right: 10px !important;margin-left: 10px !important;}&#8221; include=&#8221;208, 240, 253, 257, 260, 773, 796, 796, 890&#8243;][\/vc_column][\/vc_row][vc_row][vc_column][vc_column_text]<span style=\"color: #ffffff;\">Drones, Fotograf\u00eda Aerea, Topograf\u00eda,\u00a0<\/span>[\/vc_column_text][\/vc_column][\/vc_row]<\/p>\n","protected":false},"excerpt":{"rendered":"<p>[vc_row][vc_column][vc_column_text] Somos un grupo de profesionales dedicados a entregar soluciones con precisi\u00f3n en topograf\u00eda, termograf\u00eda \u00e1erea, avances de obra, control de stockpile\u00a0 e inspecciones en altura. Operadores Certificados DGAC. [\/vc_column_text][\/vc_column][\/vc_row][vc_row][vc_column width=&#8221;1\/3&#8243;][vc_single_image source=&#8221;external_link&#8221; alignment=&#8221;center&#8221; custom_src=&#8221;http:\/\/inspecdron.cl\/web\/wp-content\/uploads\/2020\/05\/Logo2020.png&#8221; css=&#8221;.vc_custom_1590165368388{margin-bottom: 0px !important;margin-left: 4px !important;padding-bottom: 0px !important;}&#8221;][vc_masonry_grid post_type=&#8221;ids&#8221; element_width=&#8221;12&#8243; item=&#8221;389&#8243; grid_id=&#8221;vc_gid:1611602073607-c4e8c862-5a7d-8&#8243; include=&#8221;361, 586, 628, 681&#8243; css=&#8221;.vc_custom_1458521684675{margin-top: 0px !important;margin-left: 10px !important;border-top-width: 1px [&hellip;]<\/p>\n","protected":false},"author":1,"featured_media":0,"parent":0,"menu_order":0,"comment_status":"closed","ping_status":"open","template":"","meta":{"footnotes":"","_links_to":"","_links_to_target":""},"class_list":["post-42","page","type-page","status-publish","hentry"],"_links":{"self":[{"href":"https:\/\/inspecdron.cl\/web\/wp-json\/wp\/v2\/pages\/42"}],"collection":[{"href":"https:\/\/inspecdron.cl\/web\/wp-json\/wp\/v2\/pages"}],"about":[{"href":"https:\/\/inspecdron.cl\/web\/wp-json\/wp\/v2\/types\/page"}],"author":[{"embeddable":true,"href":"https:\/\/inspecdron.cl\/web\/wp-json\/wp\/v2\/users\/1"}],"replies":[{"embeddable":true,"href":"https:\/\/inspecdron.cl\/web\/wp-json\/wp\/v2\/comments?post=42"}],"version-history":[{"count":134,"href":"https:\/\/inspecdron.cl\/web\/wp-json\/wp\/v2\/pages\/42\/revisions"}],"predecessor-version":[{"id":915,"href":"https:\/\/inspecdron.cl\/web\/wp-json\/wp\/v2\/pages\/42\/revisions\/915"}],"wp:attachment":[{"href":"https:\/\/inspecdron.cl\/web\/wp-json\/wp\/v2\/media?parent=42"}],"curies":[{"name":"wp","href":"https:\/\/api.w.org\/{rel}","templated":true}]}}